{"id":537,"date":"2023-07-30T17:14:03","date_gmt":"2023-07-30T17:14:03","guid":{"rendered":"http:\/\/syl.int.basetis.com\/politica-de-cookies\/"},"modified":"2023-09-20T22:13:26","modified_gmt":"2023-09-20T22:13:26","slug":"politica-de-cookies","status":"publish","type":"page","link":"https:\/\/somossyl.com\/es\/politica-de-cookies\/","title":{"rendered":"Pol\u00edtica de cookies"},"content":{"rendered":"\n<h1 class=\"wp-block-heading\">Pol\u00edtica de cookies<\/h1>\n\n\n\n<h2 class=\"wp-block-heading\">Esta p\u00e1gina web usa cookies<\/h2>\n\n\n\n<p>Las cookies de este sitio web se usan para ofrecer funciones de redes sociales y analizar el tr\u00e1fico. Adem\u00e1s, compartimos informaci\u00f3n sobre el uso que haga del sitio web con nuestros partners de redes sociales, publicidad y an\u00e1lisis web, quienes pueden combinarla con otra informaci\u00f3n que les haya proporcionado o que hayan recopilado a partir del uso que haya hecho de sus servicios.<\/p>\n\n\n\n<h2 class=\"wp-block-heading\">\u00bfQu\u00e9 son las cookies?<\/h2>\n\n\n\n<p>Las cookies son peque\u00f1os archivos de texto que las p\u00e1ginas web pueden utilizar para hacer m\u00e1s eficiente la experiencia del usuario.<\/p>\n\n\n\n<p>La ley afirma que podemos almacenar cookies en su dispositivo si son estrictamente necesarias para el funcionamiento de esta p\u00e1gina. Para todos los dem\u00e1s tipos de cookies necesitamos su permiso.<\/p>\n\n\n\n<p>Esta p\u00e1gina utiliza tipos diferentes cookies. Algunas cookies son colocadas por servicios de terceros que aparecen en nuestras p\u00e1ginas.<\/p>\n\n\n\n<p>En cualquier momento puede cambiar o retirar su consentimiento desde la Declaraci\u00f3n de cookies en nuestro sitio web.<\/p>\n\n\n\n<p>Obtenga m\u00e1s informaci\u00f3n sobre qui\u00e9nes somos, c\u00f3mo puede contactarnos y c\u00f3mo procesamos los datos personales en nuestra <a href=\"https:\/\/soyyoliteral.com\/es\/?page_id=510\" data-type=\"page\" data-id=\"3\">Pol\u00edtica de privacidad<\/a>.<\/p>\n\n\n\n<p>Al contactarnos respecto a su consentimiento, por favor, indique el ID y la fecha de su consentimiento.<\/p>\n\n\n\n<p>Este sitio web puede utilizar distintos tipos de cookies.<\/p>\n\n\n\n<h2 class=\"wp-block-heading\">Tipos de cookies<\/h2>\n\n\n\n<h3 class=\"wp-block-heading\">Necesarias<\/h3>\n\n\n\n<p>Las cookies necesarias ayudan a hacer una p\u00e1gina web utilizable activando funciones b\u00e1sicas como la navegaci\u00f3n en la p\u00e1gina y el acceso a \u00e1reas seguras de la p\u00e1gina web. La p\u00e1gina web no puede funcionar adecuadamente sin estas cookies. <\/p>\n\n\n\n<h3 class=\"wp-block-heading\">Preferencias<\/h3>\n\n\n\n<p>Las cookies de preferencias permiten a la p\u00e1gina web recordar informaci\u00f3n que cambia la forma en que la p\u00e1gina se comporta o el aspecto que tiene, como su idioma preferido o la regi\u00f3n en la que usted se encuentra.<\/p>\n\n\n\n<h3 class=\"wp-block-heading\">Estad\u00edstica<\/h3>\n\n\n\n<p>Las cookies estad\u00edsticas ayudan a los propietarios de p\u00e1ginas web a comprender c\u00f3mo interact\u00faan los visitantes con las p\u00e1ginas web reuniendo y proporcionando informaci\u00f3n de forma an\u00f3nima.<\/p>\n\n\n\n<h3 class=\"wp-block-heading\">Marketing<\/h3>\n\n\n\n<p>Las cookies de marketing se utilizan para rastrear a los visitantes en las p\u00e1ginas web. La intenci\u00f3n es mostrar anuncios relevantes y atractivos para el usuario individual, y por lo tanto, m\u00e1s valiosos para los editores y terceros anunciantes.<\/p>\n\n\n\n<h3 class=\"wp-block-heading\">No clasificados<\/h3>\n\n\n\n<p>Las cookies no clasificadas son cookies para las que todav\u00eda estamos en proceso de clasificar, junto con los proveedores de cookies individuales.<\/p>\n","protected":false},"excerpt":{"rendered":"<p>Pol\u00edtica de cookies Esta p\u00e1gina web usa cookies Las cookies de este sitio web se usan para ofrecer funciones de redes sociales y analizar el tr\u00e1fico. Adem\u00e1s, compartimos informaci\u00f3n sobre el uso que haga del sitio web con nuestros partners de redes sociales, publicidad y an\u00e1lisis web, quienes pueden combinarla con otra informaci\u00f3n que les <a href=\"https:\/\/somossyl.com\/es\/politica-de-cookies\/\" class=\"more-link\">&#8230;<span class=\"screen-reader-text\">  Pol\u00edtica de cookies<\/span><\/a><\/p>\n","protected":false},"author":1,"featured_media":0,"parent":0,"menu_order":0,"comment_status":"closed","ping_status":"closed","template":"page-simple.php","meta":[],"acf":[],"_links":{"self":[{"href":"https:\/\/somossyl.com\/es\/wp-json\/wp\/v2\/pages\/537"}],"collection":[{"href":"https:\/\/somossyl.com\/es\/wp-json\/wp\/v2\/pages"}],"about":[{"href":"https:\/\/somossyl.com\/es\/wp-json\/wp\/v2\/types\/page"}],"author":[{"embeddable":true,"href":"https:\/\/somossyl.com\/es\/wp-json\/wp\/v2\/users\/1"}],"replies":[{"embeddable":true,"href":"https:\/\/somossyl.com\/es\/wp-json\/wp\/v2\/comments?post=537"}],"version-history":[{"count":4,"href":"https:\/\/somossyl.com\/es\/wp-json\/wp\/v2\/pages\/537\/revisions"}],"predecessor-version":[{"id":547,"href":"https:\/\/somossyl.com\/es\/wp-json\/wp\/v2\/pages\/537\/revisions\/547"}],"wp:attachment":[{"href":"https:\/\/somossyl.com\/es\/wp-json\/wp\/v2\/media?parent=537"}],"curies":[{"name":"wp","href":"https:\/\/api.w.org\/{rel}","templated":true}]}}