{"id":510,"date":"2023-06-15T14:17:46","date_gmt":"2023-06-15T14:17:46","guid":{"rendered":"http:\/\/syl.int.basetis.com\/?page_id=510"},"modified":"2023-10-17T22:01:51","modified_gmt":"2023-10-17T22:01:51","slug":"aviso-legal-y-politica-de-privacidad","status":"publish","type":"page","link":"https:\/\/somossyl.com\/es\/aviso-legal-y-politica-de-privacidad\/","title":{"rendered":"Aviso Legal y Pol\u00edtica de Privacidad"},"content":{"rendered":"\n<h1 class=\"wp-block-heading\">Aviso Legal y Pol\u00edtica de Privacidad<\/h1>\n\n\n\n<h3 class=\"wp-block-heading\">Titular de la web:<\/h3>\n\n\n\n<p><a href=\"mailto:comunicacio@fundaciojoia.org.\"><\/a>FUNDACI\u00d3 JOIA con N\u00famero de Identificaci\u00f3n Fiscal G08901019, direcci\u00f3n en la avenida Josep Tarradellas, 19-21, 08029 de Barcelona, inscrita en el Registro de Fundaciones de la Generalitat de Catalu\u00f1a con el n\u00famero 2808, con el tel\u00e9fono 93 452 04 67 y correo electr\u00f3nico <a href=\"mailto:comunicacio@fundaciojoia.org\">comunicacio@fundaciojoia.org<\/a>.<\/p>\n\n\n\n<p>El sitio web es propiedad de FUNDACI\u00d3 JOIA. La utilizaci\u00f3n del sitio web est\u00e1 sujeta a las siguientes condiciones de uso. Le rogamos que las lea atentamente. El hecho de acceder a la web y utilizar los materiales contenidos en \u00e9l implica que usted ha le\u00eddo y acepta, sin reserva, estas condiciones.<\/p>\n\n\n\n<h3 class=\"wp-block-heading\">1.- Condiciones de uso<\/h3>\n\n\n\n<p>1.1 El sitio web contiene material preparado por FUNDACI\u00d3 JOIA con fines \u00fanicamente informativos. El usuario\/a debe tener en cuenta que tal material pudiera no reflejar el estado m\u00e1s reciente sobre las cuestiones analizadas. Asimismo, este material puede ser modificado, desarrollado o actualizado sin notificaci\u00f3n previa. <\/p>\n\n\n\n<p>1.2 El acceso a este material no pretende constituir ni implica ninguna relaci\u00f3n de confianza o profesional entre FUNDACI\u00d3 JOIA y el usuario\/a de la web.<\/p>\n\n\n\n<p>1.3 Los enlaces o links que contienen el sitio web pueden conducir al usuario\/a a otros sitios, p\u00e1ginas web y \/ o aplicaciones gestionados por terceros, sobre los que FUNDACI\u00d3 JOIA no ejerce ning\u00fan tipo de control. FUNDACI\u00d3 JOIA no responde ni del contenido ni del estado de estos sitios, p\u00e1ginas web y aplicaciones, y el acceso a las mismas a trav\u00e9s del sitio web o de la aplicaci\u00f3n tampoco implica que FUNDACI\u00d3N JOYA recomiende o apruebe su contenido.<\/p>\n\n\n\n<h3 class=\"wp-block-heading\">2.- Limitaci\u00f3n de responsabilidad<\/h3>\n\n\n\n<p>2.1 Quien utiliza la web lo hace por su propia cuenta y riesgo. FUNDACI\u00d3 JOIA no se responsabiliza de los errores u omisiones que puedan detectar el contenido de las mismas u otros a los que se pueda acceder a trav\u00e9s de ellas. FUNDACI\u00d3 JOIA tampoco podr\u00e1 ser considerada responsable de ning\u00fan da\u00f1o derivado de la utilizaci\u00f3n de la web, ni por cualquier actuaci\u00f3n realizada sobre la base de la informaci\u00f3n que en ellas se facilita.<\/p>\n\n\n\n<p>2.2 FUNDACI\u00d3 JOIA no garantiza la ausencia de virus u otros elementos lesivos que pudieran causar da\u00f1os o alteraciones en el sistema inform\u00e1tico, en los documentos electr\u00f3nicos o en los ficheros del usuario del sitio web. En consecuencia, FUNDACI\u00d3 JOIA no responde por los da\u00f1os y perjuicios que estos elementos pudieran ocasionar al usuario\/a o a terceros.<\/p>\n\n\n\n<h2 class=\"wp-block-heading\" id=\"privacy-of-children\">POL\u00cdTICA DE PRIVACIDAD<\/h2>\n\n\n\n<h3 class=\"wp-block-heading\" id=\"privacy-of-children\">1.- Introducci\u00f3n:<\/h3>\n\n\n\n<h4 class=\"wp-block-heading\" id=\"privacy-of-children\"><strong>Sitio web<\/strong><\/h4>\n\n\n\n<p>El sitio web <a href=\"https:\/\/soyyoliteral.com\/es\/\">soyyoliteral.com<\/a> es propiedad de FUNDACI\u00d3 JOIA.<\/p>\n\n\n\n<p>La presente pol\u00edtica de privacidad tiene por objeto proporcionar informaci\u00f3n sobre c\u00f3mo trata FUNDACI\u00d3 JOIA sus datos personales con cumplimiento con la normativa vigente en materia de protecci\u00f3n de datos de car\u00e1cter personal.<\/p>\n\n\n\n<h3 class=\"wp-block-heading\" id=\"privacy-of-children\">II.- Responsable del Tratamiento:<\/h3>\n\n\n\n<h4 class=\"wp-block-heading\" id=\"privacy-of-children\"><strong>\u00bfQui\u00e9nes somos?<\/strong><\/h4>\n\n\n\n<p>El Responsable del tratamiento de sus datos personales es FUNDACI\u00d3 JOIA con G08901019 y domicilio en la avenida Josep Tarradellas, 19-21, 08029 de Barcelona y correo electr\u00f3nico <a href=\"mailto:comunicacio@fundaciojoia.org\">comunicacio@fundaciojoia.org<\/a> (en adelante, el Responsable del Tratamiento).<\/p>\n\n\n\n<h4 class=\"wp-block-heading\" id=\"privacy-of-children\"><strong><strong>\u00bfCu\u00e1les son los datos de contacto de nuestro Delegado de Protecci\u00f3n de Datos?<\/strong><\/strong><\/h4>\n\n\n\n<p>Los datos de contacto de nuestro Delegado de Protecci\u00f3n de Datos son <a href=\"mailto:delegacioprotecciodades@fundaciojoia.org\">delegacioprotecciodades@fundaciojoia.org<\/a><\/p>\n\n\n\n<h3 class=\"wp-block-heading\" id=\"privacy-of-children\">III.- Finalidades del Tratamiento:<\/h3>\n\n\n\n<h4 class=\"wp-block-heading\" id=\"privacy-of-children\"><strong><strong><strong>\u00bfCon qu\u00e9 finalidad tratamos sus datos personales?<\/strong><\/strong><\/strong><\/h4>\n\n\n\n<p>Tratamos sus datos personales con la finalidad de poder prestar nuestra actividad consistente en la inserci\u00f3n social y laboral de personas con trastornos de salud mental. Sin embargo, y en su caso, tratamos sus datos personales con la finalidad de poder atender su petici\u00f3n de contacto; el env\u00edo de nuestra Newsletter semanal y poder recibirla por correo electr\u00f3nico, as\u00ed como poder recibir otras informaciones y contenidos por correo electr\u00f3nico; y, atender su petici\u00f3n de aceptar su candidatura a los puestos de trabajo ofrecidos, as\u00ed como poder participar en otros procesos de selecci\u00f3n y ofertas de trabajo de la FUNDACI\u00d3N JOIA.<\/p>\n\n\n\n<h4 class=\"wp-block-heading\" id=\"privacy-of-children\"><strong><strong><strong><strong>\u00bfEs obligatorio facilitar todos los datos?<\/strong><\/strong><\/strong><\/strong><\/h4>\n\n\n\n<p>Cuando se soliciten datos para tramitar sus peticiones, se informar\u00e1 del car\u00e1cter necesario de los datos que se consideran imprescindibles. Si no se facilitan estos datos obligatorios, no ser\u00e1 posible tramitar la solicitud efectuada.<\/p>\n\n\n\n<h4 class=\"wp-block-heading\" id=\"privacy-of-children\"><strong><strong><strong><strong><strong>\u00bfPor cu\u00e1nto tiempo tratamos sus datos?<\/strong><\/strong><\/strong><\/strong><\/strong><\/h4>\n\n\n\n<p>Tratamos sus datos personales el tiempo necesario para poder atender su solicitud, esto es, el tiempo necesario para tramitar su petici\u00f3n de contacto; respecto a su petici\u00f3n del env\u00edo y recepci\u00f3n de nuestra Newsletter semanal y otras informaciones y contenidos, mientras se mantenga la suscripci\u00f3n a nuestra Newsletter semanal; y, respecto a su petici\u00f3n de aceptar su candidatura a los puestos de trabajo ofrecidos, as\u00ed como poder participar en otros procesos de selecci\u00f3n y ofertas de trabajo de la FUNDACI\u00d3N JOIA, el tiempo necesario para participar en los procesos de selecci\u00f3n hasta que su candidatura sea descartada y, en todo caso, sin exceder el plazo m\u00e1ximo de un a\u00f1o.<\/p>\n\n\n\n<h3 class=\"wp-block-heading\" id=\"privacy-of-children\">IV.- Legitimidad del Tratamiento:<\/h3>\n\n\n\n<h4 class=\"wp-block-heading\" id=\"privacy-of-children\"><strong><strong><strong><strong><strong><strong>\u00bfCu\u00e1l es su legitimidad para tratar sus datos personales?<\/strong><\/strong><\/strong><\/strong><\/strong><\/strong><\/h4>\n\n\n\n<p>Podemos tratar sus datos personales con la legitimidad de su consentimiento otorgado mediante la aceptaci\u00f3n de la Pol\u00edtica de Privacidad.<\/p>\n\n\n\n<h3 class=\"wp-block-heading\" id=\"privacy-of-children\">V.- Derechos:<\/h3>\n\n\n\n<h4 class=\"wp-block-heading\" id=\"privacy-of-children\"><strong><strong><strong><strong><strong><strong><strong>\u00bfCu\u00e1les son sus derechos cuando nos facilita sus datos?<\/strong><\/strong><\/strong><\/strong><\/strong><\/strong><\/strong><\/h4>\n\n\n\n<p>Puede retirar su consentimiento en cualquier momento mediante una comunicaci\u00f3n a la direcci\u00f3n de correo electr\u00f3nico <a href=\"mailto:comunicacio@fundaciojoia.org\">comunicacio@fundaciojoia.org<\/a> o por correo postal a FUNDACI\u00d3 JOIA con domicilio en la avenida Josep Tarradellas, 19-21, 08029 de Barcelona. Su solicitud deber\u00e1 ser acompa\u00f1ada de fotocopia de su Documento Nacional de Identidad o pasaporte o documento legal v\u00e1lido que lo identifique.<\/p>\n\n\n\n<p>Puede ejercer sus derechos de acceso, rectificaci\u00f3n, supresi\u00f3n, oposici\u00f3n, portabilidad y limitaci\u00f3n del tratamiento mediante una comunicaci\u00f3n a la direcci\u00f3n de correo electr\u00f3nico <a href=\"mailto:comunicacio@fundaciojoia.org\">comunicacio@fundaciojoia.org<\/a> o por correo postal a FUNDACI\u00d3 JOIA con domicilio en la avenida Josep Tarradellas, 19-21, 08029 de Barcelona. Su solicitud deber\u00e1 ser acompa\u00f1ada de fotocopia de su Documento Nacional de Identidad o pasaporte o documento legal v\u00e1lido que lo identifique.<br>Si no est\u00e1 conforme con el tratamiento realizado por FUNDACI\u00d3N JOIA o considera infringidos sus derechos, puede presentar una reclamaci\u00f3n ante la Autoridad Catalana de Protecci\u00f3n de Datos.<\/p>\n","protected":false},"excerpt":{"rendered":"<p>Aviso Legal y Pol\u00edtica de Privacidad Titular de la web: FUNDACI\u00d3 JOIA con N\u00famero de Identificaci\u00f3n Fiscal G08901019, direcci\u00f3n en la avenida Josep Tarradellas, 19-21, 08029 de Barcelona, inscrita en el Registro de Fundaciones de la Generalitat de Catalu\u00f1a con el n\u00famero 2808, con el tel\u00e9fono 93 452 04 67 y correo electr\u00f3nico comunicacio@fundaciojoia.org. El <a href=\"https:\/\/somossyl.com\/es\/aviso-legal-y-politica-de-privacidad\/\" class=\"more-link\">&#8230;<span class=\"screen-reader-text\">  Aviso Legal y Pol\u00edtica de Privacidad<\/span><\/a><\/p>\n","protected":false},"author":1,"featured_media":0,"parent":0,"menu_order":0,"comment_status":"closed","ping_status":"closed","template":"page-simple.php","meta":[],"acf":[],"_links":{"self":[{"href":"https:\/\/somossyl.com\/es\/wp-json\/wp\/v2\/pages\/510"}],"collection":[{"href":"https:\/\/somossyl.com\/es\/wp-json\/wp\/v2\/pages"}],"about":[{"href":"https:\/\/somossyl.com\/es\/wp-json\/wp\/v2\/types\/page"}],"author":[{"embeddable":true,"href":"https:\/\/somossyl.com\/es\/wp-json\/wp\/v2\/users\/1"}],"replies":[{"embeddable":true,"href":"https:\/\/somossyl.com\/es\/wp-json\/wp\/v2\/comments?post=510"}],"version-history":[{"count":9,"href":"https:\/\/somossyl.com\/es\/wp-json\/wp\/v2\/pages\/510\/revisions"}],"predecessor-version":[{"id":596,"href":"https:\/\/somossyl.com\/es\/wp-json\/wp\/v2\/pages\/510\/revisions\/596"}],"wp:attachment":[{"href":"https:\/\/somossyl.com\/es\/wp-json\/wp\/v2\/media?parent=510"}],"curies":[{"name":"wp","href":"https:\/\/api.w.org\/{rel}","templated":true}]}}