{"id":355,"date":"2023-06-24T10:55:20","date_gmt":"2023-06-24T10:55:20","guid":{"rendered":"http:\/\/syl.int.basetis.com\/contacto\/"},"modified":"2023-09-20T05:53:44","modified_gmt":"2023-09-20T05:53:44","slug":"contacto","status":"publish","type":"page","link":"https:\/\/somossyl.com\/es\/contacto\/","title":{"rendered":"Contacto"},"content":{"rendered":"\n<div class=\"wp-block-group contact-content-wrapper is-layout-constrained\"><div class=\"wp-block-group__inner-container\">\n<div class=\"wp-block-group inner-content is-vertical is-layout-flex wp-container-2\">\n<h1 class=\"wp-block-heading\">Contacto &shy;<\/h1>\n\n\n\n<h2 class=\"wp-block-heading\"><strong>Te acompa\u00f1amos cuando lo necesites<\/strong><\/h2>\n\n\n\n<div class=\"wp-block-gb-lottiefiles animation-contact\" style=\"background-color:transparent\"><lottie-player id=\"fgbbawel\" interactivitytype=\"none\" interactivitymode=\"none\" visibilitystart=\"0\" visibilityend=\"1\" framesstart=\"0\" framesend=\"25\" rest=\"{\"autoplay\":true,\"loop\":true,\"controls\":null}\" totalframes=\"25\" mode=\"normal\" src=\"https:\/\/soyyoliteral.com\/wp-content\/uploads\/lottie\/Cerebro_Contacto_01\/Cerebro_Contacto.json\" speed=\"1\" background=\"transparent\" class=\"lottie-player mx-auto\" style=\"width:300px;height:300px\"><\/lottie-player><\/div>\n\n\n\n<p>Sea lo que sea que est\u00e9 afectando tu salud mental, puedes contar siempre con nuestra ayuda profesional. <\/p>\n\n\n\n<p>Cont\u00e1ctanos y <strong>solicita hasta 2 sesiones gratuitas<\/strong> online o presenciales con nuestro equipo de prevenci\u00f3n. Valoraremos contigo el tipo de acompa\u00f1amiento que necesites, a tu ritmo y con total privacidad.<\/p>\n\n\n\n<div style=\"height:70px\" aria-hidden=\"true\" class=\"wp-block-spacer\"><\/div>\n\n\n\n<p><strong>Sede Central Fundaci\u00f3 Joia<br><\/strong>Calle Bac de Roda, 149, 08018 Barcelona<\/p>\n\n\n\n<div class=\"wp-block-buttons is-layout-flex\">\n<div class=\"wp-block-button\"><a class=\"wp-block-button__link wp-element-button\" href=\"https:\/\/maps.app.goo.gl\/pBri8Tm4McfjFTCz7\" target=\"_blank\" rel=\"noreferrer noopener\">Ir a Google Maps<\/a><\/div>\n<\/div>\n<\/div>\n<\/div><\/div>\n\n\n\n<div class=\"wp-block-group alternating-blocks socials is-layout-constrained\"><div class=\"wp-block-group__inner-container\">\n<article class=\"wp-block-group socials-whatsapp is-vertical is-content-justification-left is-layout-flex wp-container-4\">\n<h2 class=\"wp-block-heading has-text-align-center\">Whatsapp<\/h2>\n\n\n\n<p class=\"has-text-align-center\"><a href=\"https:\/\/wa.me\/621290995\" data-type=\"URL\" data-id=\"https:\/\/wa.me\/621290995\" target=\"_blank\" rel=\"noreferrer noopener\">621 290 995<\/a><\/p>\n\n\n\n<div class=\"wp-block-boldblocks-svg-block\"><a class=\"wp-block-boldblocks-svg-block__inner\" href=\"https:\/\/wa.me\/621290995\" rel=\"noreferrer noopener\" target=\"_blank\" style=\"--bb--width--sm:var(--bb--width--lg);--bb--width--md:var(--bb--width--lg);--bb--width--lg:100%\"><svg width=\"130\" height=\"130\" viewBox=\"0 0 130 130\" fill=\"none\" xmlns=\"http:\/\/www.w3.org\/2000\/svg\">\n<g clip-path=\"url(#clip0_508_18382)\">\n<path d=\"M65 130C100.899 130 130 100.899 130 65C130 29.1015 100.899 0 65 0C29.1015 0 0 29.1015 0 65C0 100.899 29.1015 130 65 130Z\" fill=\"#9C73FF\"><\/path>\n<path d=\"M87.9298 42.0697C82.521 36.5997 75.3347 33.2436 67.6685 32.6075C60.0022 31.9714 52.361 34.0972 46.1247 38.601C39.8883 43.1048 35.4676 49.6899 33.6608 57.1673C31.854 64.6448 32.7801 72.5218 36.2719 79.3763L32.8509 95.9855C32.8142 96.1514 32.8128 96.3231 32.8467 96.4896C32.8806 96.6561 32.949 96.8136 33.0476 96.952C33.1887 97.1615 33.3905 97.3229 33.6259 97.4146C33.8612 97.5063 34.119 97.5239 34.3647 97.4651L50.6147 93.6079C57.4504 97.0082 65.2709 97.8725 72.6841 96.0471C80.0974 94.2217 86.6224 89.825 91.0978 83.6395C95.5731 77.4541 97.7084 69.8813 97.1236 62.269C96.5388 54.6568 93.2718 47.499 87.9042 42.0697H87.9298ZM82.8496 82.5835C79.1088 86.3176 74.2918 88.7854 69.0759 89.6399C63.8599 90.4944 58.5073 89.6927 53.7706 87.3474L51.4956 86.2184L41.5147 88.5789V88.4507L43.6186 78.3842L42.5068 76.1947C40.0849 71.4452 39.2297 66.0505 40.0641 60.7848C40.8984 55.5191 43.3793 50.6531 47.1509 46.8849C51.8865 42.1541 58.3065 39.4969 65.0002 39.4969C71.6939 39.4969 78.1139 42.1541 82.8496 46.8849L82.9607 47.0388C87.6348 51.7846 90.2441 58.1852 90.2201 64.8462C90.196 71.5071 87.5407 77.8888 82.8325 82.6007L82.8496 82.5835Z\" fill=\"white\"><\/path>\n<path d=\"M81.9672 75.2617C80.7442 77.1861 78.8027 79.538 76.3823 80.1282C72.106 81.1545 65.5975 80.1282 57.4468 72.5933L57.3442 72.4992C50.2541 65.8795 48.3725 60.363 48.7916 55.9926C49.0396 53.5038 51.1093 51.263 52.8541 49.792C53.1315 49.5581 53.4597 49.3923 53.8126 49.3079C54.1655 49.2235 54.5333 49.2229 54.8865 49.306C55.2397 49.3891 55.5685 49.5537 55.8468 49.7866C56.125 50.0194 56.3449 50.3142 56.4889 50.6472L59.1146 56.5828C59.286 56.9648 59.3503 57.3863 59.3006 57.8021C59.2508 58.2179 59.089 58.6124 58.8323 58.9433L57.4981 60.6538C57.2208 61.0089 57.0556 61.4386 57.0236 61.888C56.9916 62.3373 57.0943 62.7861 57.3185 63.1769C58.5859 65.0448 60.1023 66.731 61.8258 68.1887C63.6801 69.9732 65.783 71.4799 68.0692 72.6617C68.4864 72.8299 68.9443 72.8701 69.3845 72.7772C69.8246 72.6842 70.2272 72.4625 70.5409 72.14L72.0718 70.5834C72.3631 70.2702 72.7354 70.0436 73.1475 69.9289C73.5596 69.8142 73.9954 69.8158 74.4067 69.9334L80.6501 71.7209C81.0039 71.8216 81.329 72.0041 81.5991 72.2538C81.8693 72.5034 82.0769 72.8131 82.2051 73.1579C82.3334 73.5026 82.3786 73.8727 82.3373 74.2382C82.296 74.6037 82.1692 74.9543 81.9672 75.2617Z\" fill=\"white\"><\/path>\n<\/g>\n<defs>\n<clipPath id=\"clip0_508_18382\">\n<rect width=\"130\" height=\"130\" fill=\"white\"><\/rect>\n<\/clipPath>\n<\/defs>\n<\/svg><\/a><\/div>\n<\/article>\n\n\n\n<article class=\"wp-block-group socials-email is-vertical is-layout-flex wp-container-5\">\n<h2 class=\"wp-block-heading has-text-align-center\">Email<\/h2>\n\n\n\n<p class=\"has-text-align-center\"><a href=\"mailto:hola@soyyoliteral.com\" target=\"_blank\" rel=\"noreferrer noopener\">hola@soyyoliteral.com<\/a><\/p>\n\n\n\n<div class=\"wp-block-boldblocks-svg-block\"><a class=\"wp-block-boldblocks-svg-block__inner\" href=\"mailto:hola@soyyoliteral.com\" rel=\"noreferrer noopener\" target=\"_blank\" style=\"--bb--width--sm:var(--bb--width--lg);--bb--width--md:var(--bb--width--lg);--bb--width--lg:100%\"><svg width=\"130\" height=\"130\" viewBox=\"0 0 130 130\" fill=\"none\" xmlns=\"http:\/\/www.w3.org\/2000\/svg\">\n<g clip-path=\"url(#clip0_665_18012)\">\n<path d=\"M65 130C100.899 130 130 100.899 130 65C130 29.1015 100.899 0 65 0C29.1015 0 0 29.1015 0 65C0 100.899 29.1015 130 65 130Z\" fill=\"#08CDF1\"><\/path>\n<path d=\"M93.8877 36.1113H36.1099C32.1377 36.1113 28.9238 39.3613 28.9238 43.3336L28.8877 86.6669C28.8877 90.6391 32.1377 93.8891 36.1099 93.8891H93.8877C97.8599 93.8891 101.11 90.6391 101.11 86.6669V43.3336C101.11 39.3613 97.8599 36.1113 93.8877 36.1113ZM93.8877 50.5558L64.9988 68.6113L36.1099 50.5558V43.3336L64.9988 61.3891L93.8877 43.3336V50.5558Z\" fill=\"white\"><\/path>\n<\/g>\n<defs>\n<clipPath id=\"clip0_665_18012\">\n<rect width=\"130\" height=\"130\" fill=\"white\"><\/rect>\n<\/clipPath>\n<\/defs>\n<\/svg><\/a><\/div>\n<\/article>\n\n\n\n<article class=\"wp-block-group socials-telegram is-vertical is-layout-flex wp-container-6\">\n<h2 class=\"wp-block-heading has-text-align-center\">Telegram<\/h2>\n\n\n\n<p class=\"has-text-align-center\"><a href=\"https:\/\/t.me\/+34621290995\" data-type=\"URL\" data-id=\"https:\/\/t.me\/+34621290995\" target=\"_blank\" rel=\"noreferrer noopener\">621 290 995<\/a><\/p>\n\n\n\n<div class=\"wp-block-boldblocks-svg-block\"><a class=\"wp-block-boldblocks-svg-block__inner\" href=\"https:\/\/t.me\/+34619046616\" rel=\"noreferrer noopener\" target=\"_blank\" style=\"--bb--width--sm:var(--bb--width--lg);--bb--width--md:var(--bb--width--lg);--bb--width--lg:100%\"><svg width=\"130\" height=\"130\" viewBox=\"0 0 130 130\" fill=\"none\" xmlns=\"http:\/\/www.w3.org\/2000\/svg\">\n<g clip-path=\"url(#clip0_520_17622)\">\n<path d=\"M65 130C100.899 130 130 100.899 130 65C130 29.1015 100.899 0 65 0C29.1015 0 0 29.1015 0 65C0 100.899 29.1015 130 65 130Z\" fill=\"black\"><\/path>\n<path fill-rule=\"evenodd\" clip-rule=\"evenodd\" d=\"M29.424 64.3128C48.3728 56.057 61.0085 50.6143 67.3305 47.9848C85.3817 40.4768 89.1326 39.1725 91.5773 39.1294C92.115 39.12 93.3173 39.2533 94.096 39.8852C95.2513 40.8227 95.2579 42.8575 95.1297 44.2042C94.1514 54.4823 89.9187 79.4243 87.7654 90.9359C86.8541 95.8068 85.06 97.4402 83.3233 97.5999C79.5487 97.9473 76.6823 95.1053 73.0264 92.7089C67.3056 88.9587 64.0736 86.6243 58.5204 82.965C52.103 78.7359 56.2632 76.4117 59.9205 72.613C60.8777 71.6189 77.5088 56.4915 77.8308 55.1191C77.8711 54.9475 77.9085 54.3076 77.5284 53.9699C77.1483 53.6322 76.5874 53.7475 76.1827 53.8394C75.6088 53.9697 66.4697 60.0104 48.7654 71.9612C46.1712 73.7426 43.8215 74.6105 41.7164 74.565C39.3955 74.515 34.9313 73.2528 31.6125 72.174C27.5418 70.8509 24.3066 70.1511 24.5884 67.904C24.7352 66.7333 26.347 65.5364 29.424 64.3128Z\" fill=\"white\"><\/path>\n<\/g>\n<defs>\n<clipPath id=\"clip0_520_17622\">\n<rect width=\"130\" height=\"130\" fill=\"white\"><\/rect>\n<\/clipPath>\n<\/defs>\n<\/svg><\/a><\/div>\n<\/article>\n\n\n\n<article class=\"wp-block-group socials-instagram is-vertical is-layout-flex wp-container-7\">\n<h2 class=\"wp-block-heading has-text-align-center\">Instagram<\/h2>\n\n\n\n<p class=\"has-text-align-center\"><a href=\"https:\/\/www.instagram.com\/somos.syl\/\" target=\"_blank\" rel=\"noreferrer noopener\">@somossyl<\/a><\/p>\n\n\n\n<div class=\"wp-block-boldblocks-svg-block\"><a class=\"wp-block-boldblocks-svg-block__inner\" href=\"https:\/\/instagram.com\/soyyoliteraloficial\" rel=\"noreferrer noopener\" target=\"_blank\" style=\"--bb--width--sm:var(--bb--width--lg);--bb--width--md:var(--bb--width--lg);--bb--width--lg:100%\"><svg width=\"131\" height=\"131\" viewBox=\"0 0 131 131\" fill=\"none\" xmlns=\"http:\/\/www.w3.org\/2000\/svg\">\n<g clip-path=\"url(#clip0_520_17626)\">\n<path d=\"M65.5 131C101.675 131 131 101.675 131 65.5C131 29.3253 101.675 0 65.5 0C29.3253 0 0 29.3253 0 65.5C0 101.675 29.3253 131 65.5 131Z\" fill=\"#9C73FF\"><\/path>\n<path d=\"M78.7389 32.751H52.2631C47.0903 32.7578 42.1312 34.8157 38.4735 38.4735C34.8157 42.1312 32.7578 47.0903 32.751 52.2631V78.7389C32.7578 83.9117 34.8157 88.8707 38.4735 92.5285C42.1312 96.1862 47.0903 98.2441 52.2631 98.251H78.7389C83.9124 98.2464 88.8727 96.1892 92.531 92.531C96.1892 88.8727 98.2464 83.9124 98.251 78.7389V52.2631C98.2441 47.0903 96.1862 42.1312 92.5285 38.4735C88.8707 34.8157 83.9117 32.7578 78.7389 32.751ZM91.6665 78.7389C91.6665 82.1675 90.3045 85.4557 87.8801 87.8801C85.4557 90.3045 82.1675 91.6665 78.7389 91.6665H52.2631C48.8345 91.6665 45.5463 90.3045 43.1219 87.8801C40.6975 85.4557 39.3355 82.1675 39.3355 78.7389V52.2631C39.3355 48.8345 40.6975 45.5463 43.1219 43.1219C45.5463 40.6975 48.8345 39.3355 52.2631 39.3355H78.7389C82.1675 39.3355 85.4557 40.6975 87.8801 43.1219C90.3045 45.5463 91.6665 48.8345 91.6665 52.2631V78.7389Z\" fill=\"white\"><\/path>\n<path d=\"M65.5022 48.5654C62.1503 48.5637 58.8732 49.5562 56.0855 51.4174C53.2978 53.2785 51.1247 55.9247 49.8412 59.0212C48.5577 62.1176 48.2215 65.5251 48.875 68.8127C49.5285 72.1003 51.1424 75.1202 53.5125 77.4903C55.8827 79.8605 58.9026 81.4744 62.1902 82.1279C65.4777 82.7814 68.8853 82.4451 71.9817 81.1616C75.0782 79.8781 77.7243 77.7051 79.5855 74.9173C81.4466 72.1296 82.4391 68.8525 82.4374 65.5006C82.4329 61.0105 80.6472 56.7057 77.4722 53.5307C74.2972 50.3557 69.9923 48.57 65.5022 48.5654ZM65.5022 75.8427C63.4568 75.8427 61.4572 75.2362 59.7565 74.0998C58.0557 72.9634 56.7302 71.3482 55.9474 69.4584C55.1646 67.5686 54.9598 65.4892 55.3589 63.483C55.7579 61.4768 56.7429 59.634 58.1893 58.1877C59.6356 56.7413 61.4784 55.7563 63.4846 55.3572C65.4908 54.9582 67.5702 55.163 69.46 55.9458C71.3498 56.7285 72.965 58.0541 74.1014 59.7549C75.2378 61.4556 75.8444 63.4552 75.8444 65.5006C75.8444 68.2435 74.7547 70.8741 72.8152 72.8136C70.8757 74.7531 68.2451 75.8427 65.5022 75.8427Z\" fill=\"white\"><\/path>\n<path d=\"M82.5382 52.7531C84.8514 52.7531 86.7267 50.8778 86.7267 48.5645C86.7267 46.2513 84.8514 44.376 82.5382 44.376C80.2249 44.376 78.3496 46.2513 78.3496 48.5645C78.3496 50.8778 80.2249 52.7531 82.5382 52.7531Z\" fill=\"white\"><\/path>\n<\/g>\n<defs>\n<clipPath id=\"clip0_520_17626\">\n<rect width=\"131\" height=\"131\" fill=\"white\"><\/rect>\n<\/clipPath>\n<\/defs>\n<\/svg><\/a><\/div>\n<\/article>\n\n\n\n<article class=\"wp-block-group socials-tiktok is-vertical is-layout-flex wp-container-8\">\n<h2 class=\"wp-block-heading has-text-align-center\">Tiktok<\/h2>\n\n\n\n<p class=\"has-text-align-center\"><a href=\"https:\/\/www.tiktok.com\/@somos.syl\" target=\"_blank\" rel=\"noreferrer noopener\">@somossyl<\/a><\/p>\n\n\n\n<div class=\"wp-block-boldblocks-svg-block\"><a class=\"wp-block-boldblocks-svg-block__inner\" href=\"https:\/\/www.tiktok.com\/@soyyoliteraloficial\" rel=\"noreferrer noopener\" target=\"_blank\" style=\"--bb--width--sm:var(--bb--width--lg);--bb--width--md:var(--bb--width--lg);--bb--width--lg:100%\"><svg width=\"139\" height=\"137\" viewBox=\"0 0 139 137\" fill=\"none\" xmlns=\"http:\/\/www.w3.org\/2000\/svg\">\n<ellipse cx=\"68.5\" cy=\"71.5\" rx=\"45.5\" ry=\"48.5\" fill=\"white\"><\/ellipse>\n<path d=\"M69 0C32.5548 0 3 29.5548 3 66C3 102.445 32.5548 132 69 132C105.445 132 135 102.445 135 66C135 29.5548 105.445 0 69 0ZM102.111 50.4985V59.4351C97.8969 59.4366 93.8026 58.6108 89.9411 56.9817C87.4581 55.9335 85.1447 54.5828 83.0289 52.9506L83.0923 80.4574C83.0657 86.6513 80.6152 92.4709 76.1801 96.8545C72.5707 100.423 67.9971 102.692 63.0399 103.426C61.8751 103.599 60.6897 103.687 59.4908 103.687C54.1843 103.687 49.1464 101.968 45.0252 98.7963C44.2497 98.1992 43.508 97.5519 42.8019 96.8545C37.9952 92.1038 35.5166 85.6652 35.934 78.8917C36.2524 73.7357 38.3167 68.8184 41.758 64.9644C46.311 59.8643 52.6805 57.0335 59.4908 57.0335C60.6897 57.0335 61.8751 57.1235 63.0399 57.296V60.6001V69.7916C61.9354 69.4274 60.7559 69.227 59.5277 69.227C53.3057 69.227 48.2719 74.3034 48.3649 80.5301C48.424 84.514 50.6002 87.9966 53.8099 89.9162C55.3184 90.8186 57.0537 91.3775 58.9056 91.4791C60.3566 91.5588 61.7498 91.3566 63.0399 90.9307C67.4854 89.4622 70.6923 85.2867 70.6923 80.362L70.707 61.942V28.313H83.0139C83.0258 29.5324 83.1495 30.7222 83.3795 31.8752C84.3084 36.5418 86.9389 40.5905 90.5998 43.3507C93.792 45.7584 97.767 47.1856 102.075 47.1856C102.078 47.1856 102.114 47.1856 102.111 47.1828V50.4985H102.111Z\" fill=\"#08CDF1\"><\/path>\n<\/svg><\/a><\/div>\n<\/article>\n<\/div><\/div>\n","protected":false},"excerpt":{"rendered":"<p>Contacto Te acompa\u00f1amos cuando lo necesites Sea lo que sea que est\u00e9 afectando tu salud mental, puedes contar siempre con nuestra ayuda profesional. Cont\u00e1ctanos y solicita hasta 2 sesiones gratuitas online o presenciales con nuestro equipo de prevenci\u00f3n. Valoraremos contigo el tipo de acompa\u00f1amiento que necesites, a tu ritmo y con total privacidad. Sede Central <a href=\"https:\/\/somossyl.com\/es\/contacto\/\" class=\"more-link\">&#8230;<span class=\"screen-reader-text\">  Contacto<\/span><\/a><\/p>\n","protected":false},"author":1,"featured_media":0,"parent":0,"menu_order":0,"comment_status":"closed","ping_status":"closed","template":"","meta":[],"acf":[],"_links":{"self":[{"href":"https:\/\/somossyl.com\/es\/wp-json\/wp\/v2\/pages\/355"}],"collection":[{"href":"https:\/\/somossyl.com\/es\/wp-json\/wp\/v2\/pages"}],"about":[{"href":"https:\/\/somossyl.com\/es\/wp-json\/wp\/v2\/types\/page"}],"author":[{"embeddable":true,"href":"https:\/\/somossyl.com\/es\/wp-json\/wp\/v2\/users\/1"}],"replies":[{"embeddable":true,"href":"https:\/\/somossyl.com\/es\/wp-json\/wp\/v2\/comments?post=355"}],"version-history":[{"count":7,"href":"https:\/\/somossyl.com\/es\/wp-json\/wp\/v2\/pages\/355\/revisions"}],"predecessor-version":[{"id":798,"href":"https:\/\/somossyl.com\/es\/wp-json\/wp\/v2\/pages\/355\/revisions\/798"}],"wp:attachment":[{"href":"https:\/\/somossyl.com\/es\/wp-json\/wp\/v2\/media?parent=355"}],"curies":[{"name":"wp","href":"https:\/\/api.w.org\/{rel}","templated":true}]}}