{"id":354,"date":"2023-06-15T21:00:58","date_gmt":"2023-06-15T21:00:58","guid":{"rendered":"http:\/\/syl.int.basetis.com\/com-acompanyar\/"},"modified":"2023-09-19T14:22:24","modified_gmt":"2023-09-19T14:22:24","slug":"com-acompanyar","status":"publish","type":"page","link":"https:\/\/somossyl.com\/es\/com-acompanyar\/","title":{"rendered":"C\u00f3mo acompa\u00f1ar"},"content":{"rendered":"\n<div class=\"wp-block-group page-header is-layout-constrained\"><div class=\"wp-block-group__inner-container\">\n<h1 class=\"wp-block-heading has-text-align-center\">C\u00f3mo<br>acom&shy;pa\u00f1ar<br>sin<br>moles&shy;tar<\/h1>\n\n\n\n<div class=\"wp-block-gb-lottiefiles heart-hands\" style=\"background-color:transparent\"><lottie-player id=\"bvkxexln\" interactivitytype=\"none\" interactivitymode=\"none\" visibilitystart=\"0\" visibilityend=\"1\" framesstart=\"0\" framesend=\"25\" rest=\"{&quot;autoplay&quot;:true,&quot;loop&quot;:true,&quot;controls&quot;:null}\" totalframes=\"25\" mode=\"normal\" src=\"https:\/\/soyyoliteral.com\/wp-content\/uploads\/lottie\/Hands_Heart_01\/Hands_Heart.json\" speed=\"1\" background=\"transparent\" class=\"lottie-player mx-auto\" style=\"width:300px;height:300px\"><\/lottie-player><\/div>\n<\/div><\/div>\n\n\n\n<div class=\"wp-block-columns evita-jutjar is-layout-flex wp-container-4\">\n<div class=\"wp-block-column background-primary is-layout-flow\">\n<h2 class=\"wp-block-heading\">Evita juzgar<\/h2>\n\n\n\n<p>Pese a que tengas muy claro que la persona se equivoca o se ha equivocado en sus decisiones, es muy importante que dejes de banda el juicio y la cr\u00edtica. <strong>Separa el individuo de su comportamiento y respeta al m\u00e1ximo su realidad. <\/strong>Hazle saber que entiendes que est\u00e1 experimentando estos hechos, sin invalidar su experiencia ni intentar corregir o dar lecciones.\u00a0<br><\/p>\n\n\n\n<p>Busca el mejor momento para hablar, cuida de su espacio y transm\u00edtele con su lenguaje verbal y no verbal que <strong>puede contar con tu apoyo siempre que lo necesite<\/strong>.<\/p>\n<\/div>\n\n\n\n<div class=\"wp-block-column background-foreground is-layout-flow\">\n<div class=\"wp-block-gb-lottiefiles evita-jutjar-anim\" style=\"background-color:transparent\"><lottie-player id=\"rgwimtjq\" interactivitytype=\"none\" interactivitymode=\"none\" visibilitystart=\"0\" visibilityend=\"1\" framesstart=\"0\" framesend=\"25\" rest=\"{&quot;autoplay&quot;:true,&quot;loop&quot;:true,&quot;controls&quot;:null}\" totalframes=\"25\" mode=\"normal\" src=\"https:\/\/soyyoliteral.com\/wp-content\/uploads\/lottie\/Cerebro_Jutjar_01\/Cerebro_Jutjar.json\" speed=\"1\" background=\"transparent\" class=\"lottie-player mx-auto\" style=\"width:300px;height:300px\"><\/lottie-player><\/div>\n<\/div>\n<\/div>\n\n\n\n<div class=\"wp-block-columns escolta-activa is-layout-flex wp-container-7\">\n<div class=\"wp-block-column is-layout-flow\">\n<div class=\"wp-block-gb-lottiefiles escolta-activa-anim\" style=\"background-color:transparent\"><lottie-player id=\"giqtebov\" interactivitytype=\"none\" interactivitymode=\"none\" visibilitystart=\"0\" visibilityend=\"1\" framesstart=\"0\" framesend=\"25\" rest=\"{&quot;autoplay&quot;:true,&quot;loop&quot;:true,&quot;controls&quot;:null}\" totalframes=\"25\" mode=\"normal\" src=\"https:\/\/soyyoliteral.com\/wp-content\/uploads\/lottie\/Cerebro_EscoltaActiva_01\/Cerebro_EscoltaActiva.json\" speed=\"1\" background=\"transparent\" class=\"lottie-player mx-auto\" style=\"width:300px;height:300px\"><\/lottie-player><\/div>\n<\/div>\n\n\n\n<div class=\"wp-block-column is-layout-flow\">\n<h2 class=\"wp-block-heading\">Haz escucha activa<\/h2>\n\n\n\n<p>Escucha de una forma clara, intencionada y emp\u00e1tica todo lo que dice, y <strong>presta a\u00fan m\u00e1s atenci\u00f3n a lo que no te expresa directamente<\/strong>, a aquellos sentimientos emergentes que no quiere o no puede verbalizar. Dale tiempo a la persona para reflexionar y esclarecer sus pensamientos, sin a\u00f1adir opiniones personales ni bombardearla con preguntas o consejos no solicitados.&nbsp;<\/p>\n\n\n\n<p>Y, sobre todo, procura que nunca se sienta obligada a hablar contigo.<\/p>\n<\/div>\n<\/div>\n\n\n\n<div class=\"wp-block-columns empodera is-layout-flex wp-container-10\">\n<div class=\"wp-block-column background-foreground is-layout-flow\">\n<h2 class=\"wp-block-heading\">Empodera sin paternalismos<\/h2>\n\n\n\n<p>Motiva y refuerza positivamente, pero sin caer en la sobreprotecci\u00f3n o en una actitud excesivamente paternalista que limite la autonom\u00eda y la responsabilidad de la persona.&nbsp;<\/p>\n\n\n\n<p><br><strong>Enfatizar sus capacidades<\/strong> y recu\u00e9rdale todas las buenas decisiones que ha tomado por s\u00ed sola, y que seguro le ayudaran en su proceso de recuperaci\u00f3n.<\/p>\n<\/div>\n\n\n\n<div class=\"wp-block-column background-secondary is-layout-flow\">\n<div class=\"wp-block-gb-lottiefiles empodera-anim\" style=\"background-color:transparent\"><lottie-player id=\"dilfneeu\" interactivitytype=\"none\" interactivitymode=\"none\" visibilitystart=\"0\" visibilityend=\"1\" framesstart=\"0\" framesend=\"25\" rest=\"{&quot;autoplay&quot;:true,&quot;loop&quot;:true,&quot;controls&quot;:null}\" totalframes=\"25\" mode=\"normal\" src=\"https:\/\/soyyoliteral.com\/wp-content\/uploads\/lottie\/Cerebro_Empodera_01\/Cerebro_Empodera.json\" speed=\"1\" background=\"transparent\" class=\"lottie-player mx-auto\" style=\"width:300px;height:300px\"><\/lottie-player><\/div>\n<\/div>\n<\/div>\n\n\n\n<div class=\"wp-block-group animated-marquee-wrapper is-layout-constrained\"><div class=\"wp-block-group__inner-container\">\n<div class=\"wp-block-group animated-marquee is-layout-constrained\"><div class=\"wp-block-group__inner-container\">\n<div class=\"wp-block-group inner-marquee is-layout-constrained\"><div class=\"wp-block-group__inner-container\">\n<p>LOS 6 \u201cNO\u201d * LOS 6 \u201cS\u00cd\u201d *<\/p>\n<\/div><\/div>\n<\/div><\/div>\n<\/div><\/div>\n\n\n\n<section class=\"wp-block-group no-yes-blocks is-layout-constrained\"><div class=\"wp-block-group__inner-container\">\n<div class=\"wp-block-group no-yes-block is-vertical is-layout-flex wp-container-14\">\n<p class=\"number\">1<\/p>\n\n\n\n<p class=\"no\">NO fuerces charlas inc\u00f3modas ni respuestas obligadas.<\/p>\n\n\n\n<p class=\"yes\">S\u00cd mant\u00e9n una actitud positiva, paciente y relajada.<\/p>\n<\/div>\n\n\n\n<div class=\"wp-block-group no-yes-block is-vertical is-layout-flex wp-container-15\">\n<p class=\"number\">2<\/p>\n\n\n\n<p class=\"no\">NO&nbsp;juzgues ni le digas qu\u00e9 tiene que hacer. \u00a1Nunca!<\/p>\n\n\n\n<p class=\"yes\">S\u00cd muestra inter\u00e9s en todo momento.<\/p>\n<\/div>\n\n\n\n<div class=\"wp-block-group no-yes-block is-vertical is-layout-flex wp-container-16\">\n<p class=\"number\">3<\/p>\n\n\n\n<p class=\"no\">NO invadas su espacio.<\/p>\n\n\n\n<p class=\"yes\">S\u00cd pregunta: \u00bfEst\u00e1s bien?\u00bfC\u00f3mo te sientes?&#8230;<\/p>\n<\/div>\n\n\n\n<div class=\"wp-block-group no-yes-block is-vertical is-layout-flex wp-container-17\">\n<p class=\"number\">4<\/p>\n\n\n\n<p class=\"no\">NO busques culpables.<\/p>\n\n\n\n<p class=\"yes\">S\u00cd habla desde el Yo: Yo he notado, yo me siento&#8230;<\/p>\n<\/div>\n\n\n\n<div class=\"wp-block-group no-yes-block is-vertical is-layout-flex wp-container-18\">\n<p class=\"number\">5<\/p>\n\n\n\n<p class=\"no\">NO compares con otras situaciones o personas.<\/p>\n\n\n\n<p class=\"yes\">S\u00cd demuestra que entiendes y respetas su realidad.<\/p>\n<\/div>\n\n\n\n<div class=\"wp-block-group no-yes-block is-vertical is-layout-flex wp-container-19\">\n<p class=\"number\">6<\/p>\n\n\n\n<p class=\"no\">NO le quites importancia a los problemas que te explica.<\/p>\n\n\n\n<p class=\"yes\">S\u00cd promueve que la persona participe de forma activa en su recuperaci\u00f3n.<\/p>\n<\/div>\n<\/div><\/section>\n","protected":false},"excerpt":{"rendered":"<p>C\u00f3moacompa\u00f1arsinmolestar Evita juzgar Pese a que tengas muy claro que la persona se equivoca o se ha equivocado en sus decisiones, es muy importante que dejes de banda el juicio y la cr\u00edtica. Separa el individuo de su comportamiento y respeta al m\u00e1ximo su realidad. Hazle saber que entiendes que est\u00e1 experimentando estos hechos, sin <a href=\"https:\/\/somossyl.com\/es\/com-acompanyar\/\" class=\"more-link\">&#8230;<span class=\"screen-reader-text\">  C\u00f3mo acompa\u00f1ar<\/span><\/a><\/p>\n","protected":false},"author":1,"featured_media":0,"parent":0,"menu_order":0,"comment_status":"closed","ping_status":"closed","template":"","meta":[],"acf":[],"_links":{"self":[{"href":"https:\/\/somossyl.com\/es\/wp-json\/wp\/v2\/pages\/354"}],"collection":[{"href":"https:\/\/somossyl.com\/es\/wp-json\/wp\/v2\/pages"}],"about":[{"href":"https:\/\/somossyl.com\/es\/wp-json\/wp\/v2\/types\/page"}],"author":[{"embeddable":true,"href":"https:\/\/somossyl.com\/es\/wp-json\/wp\/v2\/users\/1"}],"replies":[{"embeddable":true,"href":"https:\/\/somossyl.com\/es\/wp-json\/wp\/v2\/comments?post=354"}],"version-history":[{"count":6,"href":"https:\/\/somossyl.com\/es\/wp-json\/wp\/v2\/pages\/354\/revisions"}],"predecessor-version":[{"id":858,"href":"https:\/\/somossyl.com\/es\/wp-json\/wp\/v2\/pages\/354\/revisions\/858"}],"wp:attachment":[{"href":"https:\/\/somossyl.com\/es\/wp-json\/wp\/v2\/media?parent=354"}],"curies":[{"name":"wp","href":"https:\/\/api.w.org\/{rel}","templated":true}]}}